{"id":19,"date":"2024-07-25T03:20:24","date_gmt":"2024-07-25T01:20:24","guid":{"rendered":"https:\/\/arawakgallery.com\/?page_id=19"},"modified":"2025-03-29T19:14:37","modified_gmt":"2025-03-29T18:14:37","slug":"historia","status":"publish","type":"page","link":"https:\/\/arawakgallery.com\/?page_id=19","title":{"rendered":"Historia"},"content":{"rendered":"\t\t<div data-elementor-type=\"wp-page\" data-elementor-id=\"19\" class=\"elementor elementor-19\" data-elementor-settings=\"{&quot;ha_cmc_init_switcher&quot;:&quot;no&quot;}\">\n\t\t\t\t<div class=\"elementor-element elementor-element-29cf6ca e-con-full e-flex e-con e-parent\" data-id=\"29cf6ca\" data-element_type=\"container\" data-settings=\"{&quot;_ha_eqh_enable&quot;:false}\">\n\t\t\t\t<\/div>\n\t\t<div class=\"elementor-element elementor-element-392d7a5 e-flex e-con-boxed e-con e-parent\" data-id=\"392d7a5\" data-element_type=\"container\" data-settings=\"{&quot;_ha_eqh_enable&quot;:false}\">\n\t\t\t\t\t<div class=\"e-con-inner\">\n\t\t<div class=\"elementor-element elementor-element-82bf0d0 e-flex e-con-boxed e-con e-child\" data-id=\"82bf0d0\" data-element_type=\"container\" data-settings=\"{&quot;_ha_eqh_enable&quot;:false}\">\n\t\t\t\t\t<div class=\"e-con-inner\">\n\t\t<div class=\"elementor-element elementor-element-bcd6040 e-flex e-con-boxed e-con e-child\" data-id=\"bcd6040\" data-element_type=\"container\" data-settings=\"{&quot;_ha_eqh_enable&quot;:false}\">\n\t\t\t\t\t<div class=\"e-con-inner\">\n\t\t\t\t<div class=\"elementor-element elementor-element-c02a79f elementor-widget elementor-widget-heading\" data-id=\"c02a79f\" data-element_type=\"widget\" data-widget_type=\"heading.default\">\n\t\t\t\t<div class=\"elementor-widget-container\">\n\t\t\t<h2 class=\"elementor-heading-title elementor-size-default\">Historia<\/h2>\t\t<\/div>\n\t\t\t\t<\/div>\n\t\t\t\t\t<\/div>\n\t\t\t\t<\/div>\n\t\t\t\t\t<\/div>\n\t\t\t\t<\/div>\n\t\t\t\t\t<\/div>\n\t\t\t\t<\/div>\n\t\t<div class=\"elementor-element elementor-element-bb9ff9a e-con-full e-flex e-con e-parent\" data-id=\"bb9ff9a\" data-element_type=\"container\" data-settings=\"{&quot;_ha_eqh_enable&quot;:false}\">\n\t\t<div class=\"elementor-element elementor-element-0c647bf e-con-full e-flex e-con e-child\" data-id=\"0c647bf\" data-element_type=\"container\" data-settings=\"{&quot;_ha_eqh_enable&quot;:false}\">\n\t\t<div class=\"elementor-element elementor-element-f0a27ab e-con-full e-flex e-con e-child\" data-id=\"f0a27ab\" data-element_type=\"container\" data-settings=\"{&quot;_ha_eqh_enable&quot;:false}\">\n\t\t<div class=\"elementor-element elementor-element-3f049ed e-flex e-con-boxed e-con e-child\" data-id=\"3f049ed\" data-element_type=\"container\" data-settings=\"{&quot;_ha_eqh_enable&quot;:false}\">\n\t\t\t\t\t<div class=\"e-con-inner\">\n\t\t\t\t<div class=\"elementor-element elementor-element-21192a0 elementor-widget elementor-widget-text-editor\" data-id=\"21192a0\" data-element_type=\"widget\" data-widget_type=\"text-editor.default\">\n\t\t\t\t<div class=\"elementor-widget-container\">\n\t\t\t\t\t\t\tArawak fue fundada en 1981 por Mildred Canahuate e inici\u00f3 sus actividades realizando Ferias de Arte al Aire Libre en el Parque Col\u00f3n, en la Zona Colonial. En 1984 se traslad\u00f3 al sector de Gascue a una amplia casa, en la que, adem\u00e1s de exposiciones, ofrec\u00eda servicios de enmarcados, venta de materiales art\u00edsticos y un variado programa educativo de cursos de arte para adultos y ni\u00f1os. \t\t\t\t\t\t<\/div>\n\t\t\t\t<\/div>\n\t\t\t\t<div class=\"elementor-element elementor-element-12d2ae5 elementor-widget elementor-widget-text-editor\" data-id=\"12d2ae5\" data-element_type=\"widget\" data-widget_type=\"text-editor.default\">\n\t\t\t\t<div class=\"elementor-widget-container\">\n\t\t\t\t\t\t\tDesde sus inicios se convirti\u00f3 en un espacio de di\u00e1logo y camarader\u00eda promoviendo la\ninteracci\u00f3n entre artistas, cr\u00edticos de arte y p\u00fablico en general que disfrutaban de un din\u00e1mico programa de exhibiciones, subastas de arte, proyectos creativos, concursos, ferias de arte, seminarios, di\u00e1logos y debates. Estas actividades incluyeron un programa de proyectos expositivos enfocados en estimular el inter\u00e9s de coleccionistas para iniciar y\/o enriquecer sus colecciones de arte, con especial atenci\u00f3n en la adquisici\u00f3n de obras sobre papel.\t\t\t\t\t\t<\/div>\n\t\t\t\t<\/div>\n\t\t\t\t<div class=\"elementor-element elementor-element-5fae9e1 elementor-widget elementor-widget-text-editor\" data-id=\"5fae9e1\" data-element_type=\"widget\" data-widget_type=\"text-editor.default\">\n\t\t\t\t<div class=\"elementor-widget-container\">\n\t\t\t\t\t\t\t<p>A trav\u00e9s de un variado programa de exhibiciones promueve y difunde obras de artistas emergentes y establecidos, estimulando la apreciaci\u00f3n y comprensi\u00f3n de las artes visuales, seleccionando cuidadosamente cada obra a exponer con el prop\u00f3sito de proporcionar al visitante una experiencia \u00fanica con propuestas atractivas y novedosas. Anualmente presenta una importante exposici\u00f3n de obras de maestros fundamentales de la pl\u00e1stica nacional procedentes de colecciones privadas, lo que permite mantener vivo el legado de estos artistas que incorporaron su visi\u00f3n vanguardista con identidad cultural en el arte dominicano.<\/p>\t\t\t\t\t\t<\/div>\n\t\t\t\t<\/div>\n\t\t\t\t\t<\/div>\n\t\t\t\t<\/div>\n\t\t\t\t<\/div>\n\t\t<div class=\"elementor-element elementor-element-a57a9c2 e-con-full e-flex e-con e-child\" data-id=\"a57a9c2\" data-element_type=\"container\" data-settings=\"{&quot;background_background&quot;:&quot;classic&quot;,&quot;_ha_eqh_enable&quot;:false}\">\n\t\t\t\t<\/div>\n\t\t\t\t<\/div>\n\t\t\t\t<\/div>\n\t\t\t\t<\/div>\n\t\t","protected":false},"excerpt":{"rendered":"<p>Historia Arawak fue fundada en 1981 por Mildred Canahuate e inici\u00f3 sus actividades realizando Ferias de Arte al Aire Libre en el Parque Col\u00f3n, en la Zona Colonial. En 1984 se traslad\u00f3 al sector de Gascue a una amplia casa, en la que, adem\u00e1s de exposiciones, ofrec\u00eda servicios de enmarcados, venta de materiales art\u00edsticos y [&hellip;]<\/p>\n","protected":false},"author":1,"featured_media":0,"parent":0,"menu_order":0,"comment_status":"closed","ping_status":"closed","template":"elementor_header_footer","meta":{"footnotes":""},"class_list":["post-19","page","type-page","status-publish","hentry"],"yoast_head":"<!-- This site is optimized with the Yoast SEO plugin v24.0 - https:\/\/yoast.com\/wordpress\/plugins\/seo\/ -->\n<title>Historia | Arawak Gallery<\/title>\n<meta name=\"robots\" content=\"index, follow, max-snippet:-1, max-image-preview:large, max-video-preview:-1\" \/>\n<link rel=\"canonical\" href=\"https:\/\/arawakgallery.com\/?page_id=19\" \/>\n<meta property=\"og:locale\" content=\"es_ES\" \/>\n<meta property=\"og:type\" content=\"article\" \/>\n<meta property=\"og:title\" content=\"Historia | Arawak Gallery\" \/>\n<meta property=\"og:description\" content=\"Historia Arawak fue fundada en 1981 por Mildred Canahuate e inici\u00f3 sus actividades realizando Ferias de Arte al Aire Libre en el Parque Col\u00f3n, en la Zona Colonial. En 1984 se traslad\u00f3 al sector de Gascue a una amplia casa, en la que, adem\u00e1s de exposiciones, ofrec\u00eda servicios de enmarcados, venta de materiales art\u00edsticos y [&hellip;]\" \/>\n<meta property=\"og:url\" content=\"https:\/\/arawakgallery.com\/?page_id=19\" \/>\n<meta property=\"og:site_name\" content=\"Arawak Gallery\" \/>\n<meta property=\"article:modified_time\" content=\"2025-03-29T18:14:37+00:00\" \/>\n<meta property=\"og:image\" content=\"https:\/\/arawakgallery.com\/wp-content\/uploads\/2024\/08\/ARAWAK2.png\" \/>\n\t<meta property=\"og:image:width\" content=\"800\" \/>\n\t<meta property=\"og:image:height\" content=\"199\" \/>\n\t<meta property=\"og:image:type\" content=\"image\/png\" \/>\n<meta name=\"twitter:card\" content=\"summary_large_image\" \/>\n<meta name=\"twitter:label1\" content=\"Tiempo de lectura\" \/>\n\t<meta name=\"twitter:data1\" content=\"2 minutos\" \/>\n<script type=\"application\/ld+json\" class=\"yoast-schema-graph\">{\"@context\":\"https:\/\/schema.org\",\"@graph\":[{\"@type\":\"WebPage\",\"@id\":\"https:\/\/arawakgallery.com\/?page_id=19\",\"url\":\"https:\/\/arawakgallery.com\/?page_id=19\",\"name\":\"Historia | Arawak Gallery\",\"isPartOf\":{\"@id\":\"https:\/\/arawakgallery.com\/#website\"},\"datePublished\":\"2024-07-25T01:20:24+00:00\",\"dateModified\":\"2025-03-29T18:14:37+00:00\",\"breadcrumb\":{\"@id\":\"https:\/\/arawakgallery.com\/?page_id=19#breadcrumb\"},\"inLanguage\":\"es\",\"potentialAction\":[{\"@type\":\"ReadAction\",\"target\":[\"https:\/\/arawakgallery.com\/?page_id=19\"]}]},{\"@type\":\"BreadcrumbList\",\"@id\":\"https:\/\/arawakgallery.com\/?page_id=19#breadcrumb\",\"itemListElement\":[{\"@type\":\"ListItem\",\"position\":1,\"name\":\"Portada\",\"item\":\"https:\/\/arawakgallery.com\/\"},{\"@type\":\"ListItem\",\"position\":2,\"name\":\"Historia\"}]},{\"@type\":\"WebSite\",\"@id\":\"https:\/\/arawakgallery.com\/#website\",\"url\":\"https:\/\/arawakgallery.com\/\",\"name\":\"Arawak Gallery\",\"description\":\"Galeria de Arte\",\"publisher\":{\"@id\":\"https:\/\/arawakgallery.com\/#organization\"},\"potentialAction\":[{\"@type\":\"SearchAction\",\"target\":{\"@type\":\"EntryPoint\",\"urlTemplate\":\"https:\/\/arawakgallery.com\/?s={search_term_string}\"},\"query-input\":{\"@type\":\"PropertyValueSpecification\",\"valueRequired\":true,\"valueName\":\"search_term_string\"}}],\"inLanguage\":\"es\"},{\"@type\":\"Organization\",\"@id\":\"https:\/\/arawakgallery.com\/#organization\",\"name\":\"Arawak Gallery\",\"url\":\"https:\/\/arawakgallery.com\/\",\"logo\":{\"@type\":\"ImageObject\",\"inLanguage\":\"es\",\"@id\":\"https:\/\/arawakgallery.com\/#\/schema\/logo\/image\/\",\"url\":\"https:\/\/arawakgallery.com\/wp-content\/uploads\/2024\/08\/ARAWAK2.png\",\"contentUrl\":\"https:\/\/arawakgallery.com\/wp-content\/uploads\/2024\/08\/ARAWAK2.png\",\"width\":800,\"height\":199,\"caption\":\"Arawak Gallery\"},\"image\":{\"@id\":\"https:\/\/arawakgallery.com\/#\/schema\/logo\/image\/\"}}]}<\/script>\n<!-- \/ Yoast SEO plugin. -->","yoast_head_json":{"title":"Historia | Arawak Gallery","robots":{"index":"index","follow":"follow","max-snippet":"max-snippet:-1","max-image-preview":"max-image-preview:large","max-video-preview":"max-video-preview:-1"},"canonical":"https:\/\/arawakgallery.com\/?page_id=19","og_locale":"es_ES","og_type":"article","og_title":"Historia | Arawak Gallery","og_description":"Historia Arawak fue fundada en 1981 por Mildred Canahuate e inici\u00f3 sus actividades realizando Ferias de Arte al Aire Libre en el Parque Col\u00f3n, en la Zona Colonial. En 1984 se traslad\u00f3 al sector de Gascue a una amplia casa, en la que, adem\u00e1s de exposiciones, ofrec\u00eda servicios de enmarcados, venta de materiales art\u00edsticos y [&hellip;]","og_url":"https:\/\/arawakgallery.com\/?page_id=19","og_site_name":"Arawak Gallery","article_modified_time":"2025-03-29T18:14:37+00:00","og_image":[{"width":800,"height":199,"url":"https:\/\/arawakgallery.com\/wp-content\/uploads\/2024\/08\/ARAWAK2.png","type":"image\/png"}],"twitter_card":"summary_large_image","twitter_misc":{"Tiempo de lectura":"2 minutos"},"schema":{"@context":"https:\/\/schema.org","@graph":[{"@type":"WebPage","@id":"https:\/\/arawakgallery.com\/?page_id=19","url":"https:\/\/arawakgallery.com\/?page_id=19","name":"Historia | Arawak Gallery","isPartOf":{"@id":"https:\/\/arawakgallery.com\/#website"},"datePublished":"2024-07-25T01:20:24+00:00","dateModified":"2025-03-29T18:14:37+00:00","breadcrumb":{"@id":"https:\/\/arawakgallery.com\/?page_id=19#breadcrumb"},"inLanguage":"es","potentialAction":[{"@type":"ReadAction","target":["https:\/\/arawakgallery.com\/?page_id=19"]}]},{"@type":"BreadcrumbList","@id":"https:\/\/arawakgallery.com\/?page_id=19#breadcrumb","itemListElement":[{"@type":"ListItem","position":1,"name":"Portada","item":"https:\/\/arawakgallery.com\/"},{"@type":"ListItem","position":2,"name":"Historia"}]},{"@type":"WebSite","@id":"https:\/\/arawakgallery.com\/#website","url":"https:\/\/arawakgallery.com\/","name":"Arawak Gallery","description":"Galeria de Arte","publisher":{"@id":"https:\/\/arawakgallery.com\/#organization"},"potentialAction":[{"@type":"SearchAction","target":{"@type":"EntryPoint","urlTemplate":"https:\/\/arawakgallery.com\/?s={search_term_string}"},"query-input":{"@type":"PropertyValueSpecification","valueRequired":true,"valueName":"search_term_string"}}],"inLanguage":"es"},{"@type":"Organization","@id":"https:\/\/arawakgallery.com\/#organization","name":"Arawak Gallery","url":"https:\/\/arawakgallery.com\/","logo":{"@type":"ImageObject","inLanguage":"es","@id":"https:\/\/arawakgallery.com\/#\/schema\/logo\/image\/","url":"https:\/\/arawakgallery.com\/wp-content\/uploads\/2024\/08\/ARAWAK2.png","contentUrl":"https:\/\/arawakgallery.com\/wp-content\/uploads\/2024\/08\/ARAWAK2.png","width":800,"height":199,"caption":"Arawak Gallery"},"image":{"@id":"https:\/\/arawakgallery.com\/#\/schema\/logo\/image\/"}}]}},"_links":{"self":[{"href":"https:\/\/arawakgallery.com\/index.php?rest_route=\/wp\/v2\/pages\/19","targetHints":{"allow":["GET"]}}],"collection":[{"href":"https:\/\/arawakgallery.com\/index.php?rest_route=\/wp\/v2\/pages"}],"about":[{"href":"https:\/\/arawakgallery.com\/index.php?rest_route=\/wp\/v2\/types\/page"}],"author":[{"embeddable":true,"href":"https:\/\/arawakgallery.com\/index.php?rest_route=\/wp\/v2\/users\/1"}],"replies":[{"embeddable":true,"href":"https:\/\/arawakgallery.com\/index.php?rest_route=%2Fwp%2Fv2%2Fcomments&post=19"}],"version-history":[{"count":22,"href":"https:\/\/arawakgallery.com\/index.php?rest_route=\/wp\/v2\/pages\/19\/revisions"}],"predecessor-version":[{"id":1545,"href":"https:\/\/arawakgallery.com\/index.php?rest_route=\/wp\/v2\/pages\/19\/revisions\/1545"}],"wp:attachment":[{"href":"https:\/\/arawakgallery.com\/index.php?rest_route=%2Fwp%2Fv2%2Fmedia&parent=19"}],"curies":[{"name":"wp","href":"https:\/\/api.w.org\/{rel}","templated":true}]}}