{"id":1308,"date":"2025-03-01T18:10:50","date_gmt":"2025-03-01T17:10:50","guid":{"rendered":"https:\/\/arawakgallery.com\/?page_id=1308"},"modified":"2025-03-29T19:15:48","modified_gmt":"2025-03-29T18:15:48","slug":"proyectos-expositivos","status":"publish","type":"page","link":"https:\/\/arawakgallery.com\/?page_id=1308","title":{"rendered":"Proyectos expositivos"},"content":{"rendered":"\t\t<div data-elementor-type=\"wp-page\" data-elementor-id=\"1308\" class=\"elementor elementor-1308\" data-elementor-settings=\"{&quot;ha_cmc_init_switcher&quot;:&quot;no&quot;}\">\n\t\t\t\t<div class=\"elementor-element elementor-element-89bc7d1 e-con-full e-flex e-con e-parent\" data-id=\"89bc7d1\" data-element_type=\"container\" data-settings=\"{&quot;background_background&quot;:&quot;classic&quot;,&quot;_ha_eqh_enable&quot;:false}\">\n\t\t\t\t<\/div>\n\t\t<div class=\"elementor-element elementor-element-e921461 e-flex e-con-boxed e-con e-parent\" data-id=\"e921461\" data-element_type=\"container\" data-settings=\"{&quot;_ha_eqh_enable&quot;:false}\">\n\t\t\t\t\t<div class=\"e-con-inner\">\n\t\t<div class=\"elementor-element elementor-element-9234cad e-flex e-con-boxed e-con e-child\" data-id=\"9234cad\" data-element_type=\"container\" data-settings=\"{&quot;_ha_eqh_enable&quot;:false}\">\n\t\t\t\t\t<div class=\"e-con-inner\">\n\t\t<div class=\"elementor-element elementor-element-b72ed19 e-flex e-con-boxed e-con e-child\" data-id=\"b72ed19\" data-element_type=\"container\" data-settings=\"{&quot;_ha_eqh_enable&quot;:false}\">\n\t\t\t\t\t<div class=\"e-con-inner\">\n\t\t\t\t<div class=\"elementor-element elementor-element-06f64e4 elementor-widget elementor-widget-heading\" data-id=\"06f64e4\" data-element_type=\"widget\" data-widget_type=\"heading.default\">\n\t\t\t\t<div class=\"elementor-widget-container\">\n\t\t\t<h2 class=\"elementor-heading-title elementor-size-default\">Proyectos Expositivos<\/h2>\t\t<\/div>\n\t\t\t\t<\/div>\n\t\t\t\t\t<\/div>\n\t\t\t\t<\/div>\n\t\t\t\t\t<\/div>\n\t\t\t\t<\/div>\n\t\t\t\t\t<\/div>\n\t\t\t\t<\/div>\n\t\t<div class=\"elementor-element elementor-element-efd22bb e-flex e-con-boxed e-con e-parent\" data-id=\"efd22bb\" data-element_type=\"container\" data-settings=\"{&quot;_ha_eqh_enable&quot;:false}\">\n\t\t\t\t\t<div class=\"e-con-inner\">\n\t\t<div class=\"elementor-element elementor-element-9987aff e-flex e-con-boxed e-con e-child\" data-id=\"9987aff\" data-element_type=\"container\" data-settings=\"{&quot;_ha_eqh_enable&quot;:false}\">\n\t\t\t\t\t<div class=\"e-con-inner\">\n\t\t\t\t<div class=\"elementor-element elementor-element-6a99295 elementor-widget elementor-widget-ha-post-tab happy-addon ha-post-tab\" data-id=\"6a99295\" data-element_type=\"widget\" data-widget_type=\"ha-post-tab.default\">\n\t\t\t\t<div class=\"elementor-widget-container\">\n\t\t\t\t\t\t<div class=\"ha-post-tab ha-post-tab-top ha-post-tab-grid-3 ha-post-tab-grid-tablet-3 ha-post-tab-grid-mobile-1\" data-query-args=\"{&quot;post_type&quot;:&quot;post&quot;,&quot;taxonomy&quot;:&quot;category&quot;,&quot;item_limit&quot;:&quot;20&quot;,&quot;orderby&quot;:&quot;date&quot;,&quot;order&quot;:&quot;desc&quot;,&quot;show_user_meta&quot;:&quot;no&quot;,&quot;show_date_meta&quot;:&quot;yes&quot;,&quot;excerpt&quot;:&quot;yes&quot;,&quot;title_tag&quot;:&quot;h2&quot;}\" data-event=\"click\">\n\t\t\t\t<ul class=\"ha-post-tab-filter ha-text--center\">\n\t\t\t\t\t\t\t\t\t\t\t\t\t\t\t\t\t\t<li class=\"active\"\n\t\t\t\t\t\t\t\tdata-term=\"33\">Proyectos Expositivos<\/li>\n\t\t\t\t\t\t\t\t\t\t\t\t\t\t\t<\/ul>\n\t\t\t\t<div class=\"ha-post-tab-content\">\n\t\t\t\t\t<div class=\"ha-post-tab-item-wrapper active\"\t\t\t\t\t\tdata-term=\" 33\">\n\t\t\t\t\t\t\t\t\t\t\t\t\t<div class=\"ha-post-tab-item\">\n\t\t\t\t\t\t\t\t<div class=\"ha-post-tab-item-inner\">\n\t\t\t\t\t\t\t\t\t\t\t\t\t\t\t\t\t\t\t<a href=\"https:\/\/arawakgallery.com\/?p=1315\"\n\t\t\t\t\t\t\t\t\t\t   class=\"ha-post-tab-thumb\">\n\t\t\t\t\t\t\t\t\t\t\t<img fetchpriority=\"high\" decoding=\"async\" width=\"750\" height=\"672\" src=\"https:\/\/arawakgallery.com\/wp-content\/uploads\/2025\/03\/PHOTO-2025-03-01-13-15-39.jpg\" class=\"attachment-full size-full wp-post-image\" alt=\"\" srcset=\"https:\/\/arawakgallery.com\/wp-content\/uploads\/2025\/03\/PHOTO-2025-03-01-13-15-39.jpg 750w, https:\/\/arawakgallery.com\/wp-content\/uploads\/2025\/03\/PHOTO-2025-03-01-13-15-39-300x269.jpg 300w, https:\/\/arawakgallery.com\/wp-content\/uploads\/2025\/03\/PHOTO-2025-03-01-13-15-39-600x538.jpg 600w\" sizes=\"(max-width: 750px) 100vw, 750px\" \/>\t\t\t\t\t\t\t\t\t\t<\/a>\n\t\t\t\t\t\t\t\t\t\t\t\t\t\t\t\t\t\t<h2 class=\"ha-post-tab-title\"><a href=\"https:\/\/arawakgallery.com\/?p=1315\">Aquiles Azar Siempre Dibujos<\/a><\/h2>\n\t\t\t\t\t\t\t\t\t\t\t\t\t\t\t\t\t\t\t\t<div class=\"ha-post-tab-meta\">\n\t\t\t\t\t\t\t\t\t\t\t\t\n\n\t\t\t\t\t\t\t\t\t\t\t\t\n\t\t\t\t\t\t\t\t\t\t\t\t\t<span class=\"ha-post-tab-meta-date\">\n\t\t\t\t\t\t\t\t\t\t\t\t\t\t<i class=\"fa fa-calendar-o\"><\/i>\n\t\t\t\t\t\t\t\t\t\t\t\t\t\t<a href=\"https:\/\/arawakgallery.com\/?m=20250228\">\n\t\t\t\t\t\t\t\t\t\t\t\t\t\t28 de febrero de 2025\t\t\t\t\t\t\t\t\t\t\t\t\t\t<\/a>\n\t\t\t\t\t\t\t\t\t\t\t\t\t<\/span>\n\n\t\t\t\t\t\t\t\t\t\t\t\t\n\t\t\t\t\t\t\t\t\t\t\t<\/div>\n\t\t\t\t\t\t\t\t\t\n\t\t\t\t\t\t\t\t\t\t\t\t\t\t\t\t\t<\/div>\n\t\t\t\t\t\t\t<\/div>\n\t\t\t\t\t\t\t\t\t\t\t\t\t\t<div class=\"ha-post-tab-item\">\n\t\t\t\t\t\t\t\t<div class=\"ha-post-tab-item-inner\">\n\t\t\t\t\t\t\t\t\t\t\t\t\t\t\t\t\t\t\t<a href=\"https:\/\/arawakgallery.com\/?p=1024\"\n\t\t\t\t\t\t\t\t\t\t   class=\"ha-post-tab-thumb\">\n\t\t\t\t\t\t\t\t\t\t\t<img decoding=\"async\" width=\"1279\" height=\"1280\" src=\"https:\/\/arawakgallery.com\/wp-content\/uploads\/2019\/03\/Dialogo-en-UTESA-1.jpg\" class=\"attachment-full size-full wp-post-image\" alt=\"\" srcset=\"https:\/\/arawakgallery.com\/wp-content\/uploads\/2019\/03\/Dialogo-en-UTESA-1.jpg 1279w, https:\/\/arawakgallery.com\/wp-content\/uploads\/2019\/03\/Dialogo-en-UTESA-1-300x300.jpg 300w, https:\/\/arawakgallery.com\/wp-content\/uploads\/2019\/03\/Dialogo-en-UTESA-1-100x100.jpg 100w, https:\/\/arawakgallery.com\/wp-content\/uploads\/2019\/03\/Dialogo-en-UTESA-1-600x600.jpg 600w, https:\/\/arawakgallery.com\/wp-content\/uploads\/2019\/03\/Dialogo-en-UTESA-1-1024x1024.jpg 1024w, https:\/\/arawakgallery.com\/wp-content\/uploads\/2019\/03\/Dialogo-en-UTESA-1-150x150.jpg 150w, https:\/\/arawakgallery.com\/wp-content\/uploads\/2019\/03\/Dialogo-en-UTESA-1-768x769.jpg 768w\" sizes=\"(max-width: 1279px) 100vw, 1279px\" \/>\t\t\t\t\t\t\t\t\t\t<\/a>\n\t\t\t\t\t\t\t\t\t\t\t\t\t\t\t\t\t\t<h2 class=\"ha-post-tab-title\"><a href=\"https:\/\/arawakgallery.com\/?p=1024\">Conexiones Radicales<\/a><\/h2>\n\t\t\t\t\t\t\t\t\t\t\t\t\t\t\t\t\t\t\t\t<div class=\"ha-post-tab-meta\">\n\t\t\t\t\t\t\t\t\t\t\t\t\n\n\t\t\t\t\t\t\t\t\t\t\t\t\n\t\t\t\t\t\t\t\t\t\t\t\t\t<span class=\"ha-post-tab-meta-date\">\n\t\t\t\t\t\t\t\t\t\t\t\t\t\t<i class=\"fa fa-calendar-o\"><\/i>\n\t\t\t\t\t\t\t\t\t\t\t\t\t\t<a href=\"https:\/\/arawakgallery.com\/?m=20190306\">\n\t\t\t\t\t\t\t\t\t\t\t\t\t\t6 de marzo de 2019\t\t\t\t\t\t\t\t\t\t\t\t\t\t<\/a>\n\t\t\t\t\t\t\t\t\t\t\t\t\t<\/span>\n\n\t\t\t\t\t\t\t\t\t\t\t\t\n\t\t\t\t\t\t\t\t\t\t\t<\/div>\n\t\t\t\t\t\t\t\t\t\n\t\t\t\t\t\t\t\t\t\t\t\t\t\t\t\t\t\t\t<div class=\"ha-post-tab-excerpt\">\n\t\t\t\t\t\t\t\t\t\t\t<p>La Galer\u00eda de Arte Arawak y el Centro de Convenciones y Cultura UTESA presentar\u00e1n la exhibici\u00f3n \u201cCONEXIONES RADICALES\u201d, como parte de las actividades programadas del proyecto colectivo de arte contempor\u00e1neo integrado por cinco artistas de reconocida trayectoria...<\/p>\n\t\t\t\t\t\t\t\t\t\t<\/div>\n\t\t\t\t\t\t\t\t\t\t\t\t\t\t\t\t\t<\/div>\n\t\t\t\t\t\t\t<\/div>\n\t\t\t\t\t\t\t\t\t\t\t\t<\/div>\n\t\t\t\t<\/div>\n\t\t\t<\/div>\n\t\t\t\t\t<\/div>\n\t\t\t\t<\/div>\n\t\t\t\t\t<\/div>\n\t\t\t\t<\/div>\n\t\t\t\t\t<\/div>\n\t\t\t\t<\/div>\n\t\t\t\t<\/div>\n\t\t","protected":false},"excerpt":{"rendered":"<p>Proyectos Expositivos Proyectos Expositivos Conexiones Radicales 6 de marzo de 2019 La Galer\u00eda de Arte Arawak y el Centro de Convenciones y Cultura UTESA presentar\u00e1n la exhibici\u00f3n \u201cCONEXIONES RADICALES\u201d, como parte de las actividades programadas del proyecto colectivo de arte contempor\u00e1neo integrado por cinco artistas de reconocida trayectoria&#8230;<\/p>\n","protected":false},"author":2,"featured_media":0,"parent":0,"menu_order":0,"comment_status":"closed","ping_status":"closed","template":"elementor_header_footer","meta":{"footnotes":""},"class_list":["post-1308","page","type-page","status-publish","hentry"],"yoast_head":"<!-- This site is optimized with the Yoast SEO plugin v24.0 - https:\/\/yoast.com\/wordpress\/plugins\/seo\/ -->\n<title>Proyectos expositivos | Arawak Gallery<\/title>\n<meta name=\"robots\" content=\"index, follow, max-snippet:-1, max-image-preview:large, max-video-preview:-1\" \/>\n<link rel=\"canonical\" href=\"https:\/\/arawakgallery.com\/?page_id=1308\" \/>\n<meta property=\"og:locale\" content=\"es_ES\" \/>\n<meta property=\"og:type\" content=\"article\" \/>\n<meta property=\"og:title\" content=\"Proyectos expositivos | Arawak Gallery\" \/>\n<meta property=\"og:description\" content=\"Proyectos Expositivos Proyectos Expositivos Conexiones Radicales 6 de marzo de 2019 La Galer\u00eda de Arte Arawak y el Centro de Convenciones y Cultura UTESA presentar\u00e1n la exhibici\u00f3n \u201cCONEXIONES RADICALES\u201d, como parte de las actividades programadas del proyecto colectivo de arte contempor\u00e1neo integrado por cinco artistas de reconocida trayectoria&#8230;\" \/>\n<meta property=\"og:url\" content=\"https:\/\/arawakgallery.com\/?page_id=1308\" \/>\n<meta property=\"og:site_name\" content=\"Arawak Gallery\" \/>\n<meta property=\"article:modified_time\" content=\"2025-03-29T18:15:48+00:00\" \/>\n<meta property=\"og:image\" content=\"https:\/\/arawakgallery.com\/wp-content\/uploads\/2019\/03\/Dialogo-en-UTESA-1.jpg\" \/>\n<meta name=\"twitter:card\" content=\"summary_large_image\" \/>\n<meta name=\"twitter:label1\" content=\"Tiempo de lectura\" \/>\n\t<meta name=\"twitter:data1\" content=\"1 minuto\" \/>\n<script type=\"application\/ld+json\" class=\"yoast-schema-graph\">{\"@context\":\"https:\/\/schema.org\",\"@graph\":[{\"@type\":\"WebPage\",\"@id\":\"https:\/\/arawakgallery.com\/?page_id=1308\",\"url\":\"https:\/\/arawakgallery.com\/?page_id=1308\",\"name\":\"Proyectos expositivos | Arawak Gallery\",\"isPartOf\":{\"@id\":\"https:\/\/arawakgallery.com\/#website\"},\"primaryImageOfPage\":{\"@id\":\"https:\/\/arawakgallery.com\/?page_id=1308#primaryimage\"},\"image\":{\"@id\":\"https:\/\/arawakgallery.com\/?page_id=1308#primaryimage\"},\"thumbnailUrl\":\"https:\/\/arawakgallery.com\/wp-content\/uploads\/2019\/03\/Dialogo-en-UTESA-1.jpg\",\"datePublished\":\"2025-03-01T17:10:50+00:00\",\"dateModified\":\"2025-03-29T18:15:48+00:00\",\"breadcrumb\":{\"@id\":\"https:\/\/arawakgallery.com\/?page_id=1308#breadcrumb\"},\"inLanguage\":\"es\",\"potentialAction\":[{\"@type\":\"ReadAction\",\"target\":[\"https:\/\/arawakgallery.com\/?page_id=1308\"]}]},{\"@type\":\"ImageObject\",\"inLanguage\":\"es\",\"@id\":\"https:\/\/arawakgallery.com\/?page_id=1308#primaryimage\",\"url\":\"https:\/\/arawakgallery.com\/wp-content\/uploads\/2019\/03\/Dialogo-en-UTESA-1.jpg\",\"contentUrl\":\"https:\/\/arawakgallery.com\/wp-content\/uploads\/2019\/03\/Dialogo-en-UTESA-1.jpg\",\"width\":1279,\"height\":1280},{\"@type\":\"BreadcrumbList\",\"@id\":\"https:\/\/arawakgallery.com\/?page_id=1308#breadcrumb\",\"itemListElement\":[{\"@type\":\"ListItem\",\"position\":1,\"name\":\"Portada\",\"item\":\"https:\/\/arawakgallery.com\/\"},{\"@type\":\"ListItem\",\"position\":2,\"name\":\"Proyectos expositivos\"}]},{\"@type\":\"WebSite\",\"@id\":\"https:\/\/arawakgallery.com\/#website\",\"url\":\"https:\/\/arawakgallery.com\/\",\"name\":\"Arawak Gallery\",\"description\":\"Galeria de Arte\",\"publisher\":{\"@id\":\"https:\/\/arawakgallery.com\/#organization\"},\"potentialAction\":[{\"@type\":\"SearchAction\",\"target\":{\"@type\":\"EntryPoint\",\"urlTemplate\":\"https:\/\/arawakgallery.com\/?s={search_term_string}\"},\"query-input\":{\"@type\":\"PropertyValueSpecification\",\"valueRequired\":true,\"valueName\":\"search_term_string\"}}],\"inLanguage\":\"es\"},{\"@type\":\"Organization\",\"@id\":\"https:\/\/arawakgallery.com\/#organization\",\"name\":\"Arawak Gallery\",\"url\":\"https:\/\/arawakgallery.com\/\",\"logo\":{\"@type\":\"ImageObject\",\"inLanguage\":\"es\",\"@id\":\"https:\/\/arawakgallery.com\/#\/schema\/logo\/image\/\",\"url\":\"https:\/\/arawakgallery.com\/wp-content\/uploads\/2024\/08\/ARAWAK2.png\",\"contentUrl\":\"https:\/\/arawakgallery.com\/wp-content\/uploads\/2024\/08\/ARAWAK2.png\",\"width\":800,\"height\":199,\"caption\":\"Arawak Gallery\"},\"image\":{\"@id\":\"https:\/\/arawakgallery.com\/#\/schema\/logo\/image\/\"}}]}<\/script>\n<!-- \/ Yoast SEO plugin. -->","yoast_head_json":{"title":"Proyectos expositivos | Arawak Gallery","robots":{"index":"index","follow":"follow","max-snippet":"max-snippet:-1","max-image-preview":"max-image-preview:large","max-video-preview":"max-video-preview:-1"},"canonical":"https:\/\/arawakgallery.com\/?page_id=1308","og_locale":"es_ES","og_type":"article","og_title":"Proyectos expositivos | Arawak Gallery","og_description":"Proyectos Expositivos Proyectos Expositivos Conexiones Radicales 6 de marzo de 2019 La Galer\u00eda de Arte Arawak y el Centro de Convenciones y Cultura UTESA presentar\u00e1n la exhibici\u00f3n \u201cCONEXIONES RADICALES\u201d, como parte de las actividades programadas del proyecto colectivo de arte contempor\u00e1neo integrado por cinco artistas de reconocida trayectoria&#8230;","og_url":"https:\/\/arawakgallery.com\/?page_id=1308","og_site_name":"Arawak Gallery","article_modified_time":"2025-03-29T18:15:48+00:00","og_image":[{"url":"https:\/\/arawakgallery.com\/wp-content\/uploads\/2019\/03\/Dialogo-en-UTESA-1.jpg","type":"","width":"","height":""}],"twitter_card":"summary_large_image","twitter_misc":{"Tiempo de lectura":"1 minuto"},"schema":{"@context":"https:\/\/schema.org","@graph":[{"@type":"WebPage","@id":"https:\/\/arawakgallery.com\/?page_id=1308","url":"https:\/\/arawakgallery.com\/?page_id=1308","name":"Proyectos expositivos | Arawak Gallery","isPartOf":{"@id":"https:\/\/arawakgallery.com\/#website"},"primaryImageOfPage":{"@id":"https:\/\/arawakgallery.com\/?page_id=1308#primaryimage"},"image":{"@id":"https:\/\/arawakgallery.com\/?page_id=1308#primaryimage"},"thumbnailUrl":"https:\/\/arawakgallery.com\/wp-content\/uploads\/2019\/03\/Dialogo-en-UTESA-1.jpg","datePublished":"2025-03-01T17:10:50+00:00","dateModified":"2025-03-29T18:15:48+00:00","breadcrumb":{"@id":"https:\/\/arawakgallery.com\/?page_id=1308#breadcrumb"},"inLanguage":"es","potentialAction":[{"@type":"ReadAction","target":["https:\/\/arawakgallery.com\/?page_id=1308"]}]},{"@type":"ImageObject","inLanguage":"es","@id":"https:\/\/arawakgallery.com\/?page_id=1308#primaryimage","url":"https:\/\/arawakgallery.com\/wp-content\/uploads\/2019\/03\/Dialogo-en-UTESA-1.jpg","contentUrl":"https:\/\/arawakgallery.com\/wp-content\/uploads\/2019\/03\/Dialogo-en-UTESA-1.jpg","width":1279,"height":1280},{"@type":"BreadcrumbList","@id":"https:\/\/arawakgallery.com\/?page_id=1308#breadcrumb","itemListElement":[{"@type":"ListItem","position":1,"name":"Portada","item":"https:\/\/arawakgallery.com\/"},{"@type":"ListItem","position":2,"name":"Proyectos expositivos"}]},{"@type":"WebSite","@id":"https:\/\/arawakgallery.com\/#website","url":"https:\/\/arawakgallery.com\/","name":"Arawak Gallery","description":"Galeria de Arte","publisher":{"@id":"https:\/\/arawakgallery.com\/#organization"},"potentialAction":[{"@type":"SearchAction","target":{"@type":"EntryPoint","urlTemplate":"https:\/\/arawakgallery.com\/?s={search_term_string}"},"query-input":{"@type":"PropertyValueSpecification","valueRequired":true,"valueName":"search_term_string"}}],"inLanguage":"es"},{"@type":"Organization","@id":"https:\/\/arawakgallery.com\/#organization","name":"Arawak Gallery","url":"https:\/\/arawakgallery.com\/","logo":{"@type":"ImageObject","inLanguage":"es","@id":"https:\/\/arawakgallery.com\/#\/schema\/logo\/image\/","url":"https:\/\/arawakgallery.com\/wp-content\/uploads\/2024\/08\/ARAWAK2.png","contentUrl":"https:\/\/arawakgallery.com\/wp-content\/uploads\/2024\/08\/ARAWAK2.png","width":800,"height":199,"caption":"Arawak Gallery"},"image":{"@id":"https:\/\/arawakgallery.com\/#\/schema\/logo\/image\/"}}]}},"_links":{"self":[{"href":"https:\/\/arawakgallery.com\/index.php?rest_route=\/wp\/v2\/pages\/1308","targetHints":{"allow":["GET"]}}],"collection":[{"href":"https:\/\/arawakgallery.com\/index.php?rest_route=\/wp\/v2\/pages"}],"about":[{"href":"https:\/\/arawakgallery.com\/index.php?rest_route=\/wp\/v2\/types\/page"}],"author":[{"embeddable":true,"href":"https:\/\/arawakgallery.com\/index.php?rest_route=\/wp\/v2\/users\/2"}],"replies":[{"embeddable":true,"href":"https:\/\/arawakgallery.com\/index.php?rest_route=%2Fwp%2Fv2%2Fcomments&post=1308"}],"version-history":[{"count":5,"href":"https:\/\/arawakgallery.com\/index.php?rest_route=\/wp\/v2\/pages\/1308\/revisions"}],"predecessor-version":[{"id":1546,"href":"https:\/\/arawakgallery.com\/index.php?rest_route=\/wp\/v2\/pages\/1308\/revisions\/1546"}],"wp:attachment":[{"href":"https:\/\/arawakgallery.com\/index.php?rest_route=%2Fwp%2Fv2%2Fmedia&parent=1308"}],"curies":[{"name":"wp","href":"https:\/\/api.w.org\/{rel}","templated":true}]}}